{"id":11952,"date":"2021-02-08T19:33:49","date_gmt":"2021-02-08T17:33:49","guid":{"rendered":"http:\/\/dev.newsroom.mypostcard.com\/?page_id=11952"},"modified":"2021-02-19T14:32:54","modified_gmt":"2021-02-19T12:32:54","slug":"impressum","status":"publish","type":"page","link":"https:\/\/newsroom.mypostcard.com\/de\/impressum\/","title":{"rendered":"Impressum"},"content":{"rendered":"<div class=\"ts-row blocks cf wpb_row\"><div class=\"wpb_column vc_column_container vc_col-sm-12 col-12\"><div class=\"vc_column-inner\"><div class=\"wpb_wrapper\">\n\t<div class=\"wpb_text_column wpb_content_element post-content\">\n\t\t<div class=\"wpb_wrapper\">\n\t\t\t<h1>IMPRESSUM<\/h1>\n<p>MyPostcard.com und die damit verbundenen Dienste werden betrieben von:<\/p>\n<p>MyPostcard.com GmbH<br \/>\nHohenzollerndamm 3<br \/>\nD-10717 Berlin<br \/>\nEmail: support@mypostcard.com<\/p>\n<p>gem. \u00a7 27a UStG USt.-ID: DE292565115<br \/>\nRegisternummer: HRB 154570B<br \/>\nEingetragen beim Amtsgericht Charlottenburg, Berlin<br \/>\nGesch\u00e4ftsf\u00fchrer: Oliver Kray<\/p>\n<h2>HAFTUNGSAUSSCHLUSS<\/h2>\n<p>Der Inhalt der Webseite www.mypostcard.com wurde mit gro\u00dfer Sorgfalt erstellt. F\u00fcr die Vollst\u00e4ndigkeit und Richtigkeit sowie die Aktualit\u00e4t der Webseiteninhalte wird jedoch keine Gew\u00e4hr \u00fcbernommen. Nach \u00a7 7 Abs.1 TMG sind wir als Dienstleister f\u00fcr unsere eigenen Angaben nach den allgemeinen Gesetzen verantwortlich. Nach den \u00a7 8 bis 10 TMG ist es nicht unsere Pflicht evtl. \u00fcbermittelte und gespeicherte fremde Informationen zu \u00fcberwachen oder nach Umst\u00e4nden zu forschen, die auf eine rechtswidrige T\u00e4tigkeit hinweisen. Die Verpflichtung der Sperrung oder Entfernung der Nutzung von Informationen nach den allgemeinen Gesetzen bleiben hiervon jedoch unber\u00fchrt. Eine Haftung diesbez\u00fcglich ist jedoch erst ab dem Zeitpunkt der Kenntnis einer konkreten Rechtsverletzung m\u00f6glich. Sobald wir \u00fcber evtl. Rechtsverletzungen entsprechend Kenntnis erlangen, werden wir diese Inhalte selbstverst\u00e4ndlich umgehend entfernen.<\/p>\n<h2>HAFTUNG F\u00dcR LINKS<\/h2>\n<p>Die vorliegende Webseite kann Links zu externen Webseiten von dritten enthalten, auf deren Inhalt wir keinen Einfluss haben k\u00f6nnen. Aus diesem Grund k\u00f6nnen wir auch keine Gew\u00e4hr f\u00fcr diese fremden Inhalte \u00fcbernehmen. F\u00fcr den Inhalt auf den fremden Webseiten ist der jeweilige Betreiber und Anbieter selbst verantwortlich. Zum Zeitpunkt der Verlinkung wurde jedoch die verlinkte Webseite auf m\u00f6gliche Rechtsverst\u00f6\u00dfe von uns \u00fcberpr\u00fcft. Wir konnten im Zeitraum der Verlinkung keine rechtswidrigen Verst\u00f6\u00dfe feststellen und waren f\u00fcr uns nicht erkennbar. Jedoch ist eine regelm\u00e4\u00dfige inhaltliche Kontrolle der verlinkten Webseite ohne konkrete Anhaltspunkte einer Rechtsverletzung nicht zumutbar. Sollte eine Rechtsverletzung bekannt werden, werden wir den Link mit dem rechtswidrigen Inhalt umgehend entfernen.<\/p>\n<h2>URHEBERRRECHT<\/h2>\n<p>Die durch uns eingestellten Inhalte und Werke auf diesen Seiten unterliegen dem deutschen Urheberrecht.<\/p>\n<p>Wir weisen darauf hin, dass die evtl. Vervielf\u00e4ltigung, Bearbeitung, Verbreitung und jede Art der Verwertung au\u00dferhalb der Grenzen des Urheberrechtes der schriftlichen Zustimmung des jeweiligen Autors bzw. Erstellers ben\u00f6tigen. Ohne die ausdr\u00fcckliche und schriftliche Zustimmung des Verfassers ist jegliche weitergehende Verwendung, insbesondere Ver\u00f6ffentlichung, jede Form der gewerblichen Nutzung, sowie die Weitergabe an Dritte &#8211; auch in Teilen oder in \u00fcberarbeiteter Form &#8211; untersagt.<\/p>\n<p>Das Copyright f\u00fcr hier ver\u00f6ffentlichte Material, vom Verfasser selbst erstellte Objekte bleibt allein beim Betreiber dieser Seiten.<\/p>\n<h2>COPYRIGHT @ MYPOSTCARD.COM GMBH<\/h2>\n<p>Kopien und evtl. downloads auf dieser Webseite sind nur f\u00fcr den privaten, nicht kommerziellen Gebrauch gestattet. Soweit die Inhalte auf dieser Seite nicht vom Betreiber erstellt wurden, werden die Urheberrechte Dritter beachtet. Des weiteren werden Inhalte, insbesondere Inhalte Dritter als solche gekennzeichnet. Sollten Sie trotzdem auf eine Urheberrechtsverletzung aufmerksam werden, bitten wir um einen entsprechenden Hinweis. Bei Bekannt werden von Rechtsverletzungen werden wir derartige Inhalte umgehend entfernen.<\/p>\n\n\t\t<\/div>\n\t<\/div>\n<\/div><\/div><\/div><\/div>","protected":false},"excerpt":{"rendered":"IMPRESSUM MyPostcard.com und die damit verbundenen Dienste werden betrieben von: MyPostcard.com GmbH Hohenzollerndamm 3 D-10717 Berlin Email: support@mypostcard.com gem. \u00a7 27a UStG USt.-ID: DE292565115 Registernummer: HRB 154570B Eingetragen beim Amtsgericht Charlottenburg, Berlin Gesch\u00e4ftsf\u00fchrer: Oliver Kray HAFTUNGSAUSSCHLUSS Der Inhalt der Webseite www.mypostcard.com wurde mit gro\u00dfer Sorgfalt erstellt. F\u00fcr die Vollst\u00e4ndigkeit und Richtigkeit sowie die Aktualit\u00e4t der","protected":false},"author":1,"featured_media":0,"parent":0,"menu_order":0,"comment_status":"closed","ping_status":"closed","template":"page-blocks.php","meta":{"inline_featured_image":false,"_monsterinsights_skip_tracking":false,"_monsterinsights_sitenote_active":false,"_monsterinsights_sitenote_note":"","_monsterinsights_sitenote_category":0,"footnotes":""},"class_list":["post-11952","page","type-page","status-publish"],"yoast_head":"<!-- This site is optimized with the Yoast SEO plugin v27.5 - https:\/\/yoast.com\/product\/yoast-seo-wordpress\/ -->\n<title>Impressum - MyPostcard Newsroom<\/title>\n<meta name=\"robots\" content=\"index, follow, max-snippet:-1, max-image-preview:large, max-video-preview:-1\" \/>\n<link rel=\"canonical\" href=\"https:\/\/newsroom.mypostcard.com\/de\/impressum\/\" \/>\n<meta property=\"og:locale\" content=\"de_DE\" \/>\n<meta property=\"og:type\" content=\"article\" \/>\n<meta property=\"og:title\" content=\"Impressum - MyPostcard Newsroom\" \/>\n<meta property=\"og:url\" content=\"https:\/\/newsroom.mypostcard.com\/de\/impressum\/\" \/>\n<meta property=\"og:site_name\" content=\"MyPostcard Newsroom\" \/>\n<meta property=\"article:modified_time\" content=\"2021-02-19T12:32:54+00:00\" \/>\n<meta name=\"twitter:card\" content=\"summary_large_image\" \/>\n<meta name=\"twitter:label1\" content=\"Gesch\u00e4tzte Lesezeit\" \/>\n\t<meta name=\"twitter:data1\" content=\"2\u00a0Minuten\" \/>\n<script type=\"application\/ld+json\" class=\"yoast-schema-graph\">{\"@context\":\"https:\\\/\\\/schema.org\",\"@graph\":[{\"@type\":\"WebPage\",\"@id\":\"https:\\\/\\\/newsroom.mypostcard.com\\\/de\\\/impressum\\\/\",\"url\":\"https:\\\/\\\/newsroom.mypostcard.com\\\/de\\\/impressum\\\/\",\"name\":\"Impressum - MyPostcard Newsroom\",\"isPartOf\":{\"@id\":\"https:\\\/\\\/newsroom.mypostcard.com\\\/de\\\/#website\"},\"datePublished\":\"2021-02-08T17:33:49+00:00\",\"dateModified\":\"2021-02-19T12:32:54+00:00\",\"inLanguage\":\"de\",\"potentialAction\":[{\"@type\":\"ReadAction\",\"target\":[\"https:\\\/\\\/newsroom.mypostcard.com\\\/de\\\/impressum\\\/\"]}]},{\"@type\":\"WebSite\",\"@id\":\"https:\\\/\\\/newsroom.mypostcard.com\\\/de\\\/#website\",\"url\":\"https:\\\/\\\/newsroom.mypostcard.com\\\/de\\\/\",\"name\":\"MyPostcard Newsroom\",\"description\":\"What&#039;s new at MyPostcard\",\"potentialAction\":[{\"@type\":\"SearchAction\",\"target\":{\"@type\":\"EntryPoint\",\"urlTemplate\":\"https:\\\/\\\/newsroom.mypostcard.com\\\/de\\\/?s={search_term_string}\"},\"query-input\":{\"@type\":\"PropertyValueSpecification\",\"valueRequired\":true,\"valueName\":\"search_term_string\"}}],\"inLanguage\":\"de\"}]}<\/script>\n<!-- \/ Yoast SEO plugin. -->","yoast_head_json":{"title":"Impressum - MyPostcard Newsroom","robots":{"index":"index","follow":"follow","max-snippet":"max-snippet:-1","max-image-preview":"max-image-preview:large","max-video-preview":"max-video-preview:-1"},"canonical":"https:\/\/newsroom.mypostcard.com\/de\/impressum\/","og_locale":"de_DE","og_type":"article","og_title":"Impressum - MyPostcard Newsroom","og_url":"https:\/\/newsroom.mypostcard.com\/de\/impressum\/","og_site_name":"MyPostcard Newsroom","article_modified_time":"2021-02-19T12:32:54+00:00","twitter_card":"summary_large_image","twitter_misc":{"Gesch\u00e4tzte Lesezeit":"2\u00a0Minuten"},"schema":{"@context":"https:\/\/schema.org","@graph":[{"@type":"WebPage","@id":"https:\/\/newsroom.mypostcard.com\/de\/impressum\/","url":"https:\/\/newsroom.mypostcard.com\/de\/impressum\/","name":"Impressum - MyPostcard Newsroom","isPartOf":{"@id":"https:\/\/newsroom.mypostcard.com\/de\/#website"},"datePublished":"2021-02-08T17:33:49+00:00","dateModified":"2021-02-19T12:32:54+00:00","inLanguage":"de","potentialAction":[{"@type":"ReadAction","target":["https:\/\/newsroom.mypostcard.com\/de\/impressum\/"]}]},{"@type":"WebSite","@id":"https:\/\/newsroom.mypostcard.com\/de\/#website","url":"https:\/\/newsroom.mypostcard.com\/de\/","name":"MyPostcard Newsroom","description":"What&#039;s new at MyPostcard","potentialAction":[{"@type":"SearchAction","target":{"@type":"EntryPoint","urlTemplate":"https:\/\/newsroom.mypostcard.com\/de\/?s={search_term_string}"},"query-input":{"@type":"PropertyValueSpecification","valueRequired":true,"valueName":"search_term_string"}}],"inLanguage":"de"}]}},"post_mailing_queue_ids":[],"_links":{"self":[{"href":"https:\/\/newsroom.mypostcard.com\/de\/wp-json\/wp\/v2\/pages\/11952","targetHints":{"allow":["GET"]}}],"collection":[{"href":"https:\/\/newsroom.mypostcard.com\/de\/wp-json\/wp\/v2\/pages"}],"about":[{"href":"https:\/\/newsroom.mypostcard.com\/de\/wp-json\/wp\/v2\/types\/page"}],"author":[{"embeddable":true,"href":"https:\/\/newsroom.mypostcard.com\/de\/wp-json\/wp\/v2\/users\/1"}],"replies":[{"embeddable":true,"href":"https:\/\/newsroom.mypostcard.com\/de\/wp-json\/wp\/v2\/comments?post=11952"}],"version-history":[{"count":0,"href":"https:\/\/newsroom.mypostcard.com\/de\/wp-json\/wp\/v2\/pages\/11952\/revisions"}],"wp:attachment":[{"href":"https:\/\/newsroom.mypostcard.com\/de\/wp-json\/wp\/v2\/media?parent=11952"}],"curies":[{"name":"wp","href":"https:\/\/api.w.org\/{rel}","templated":true}]}}