{"id":11881,"date":"2021-02-03T17:40:05","date_gmt":"2021-02-03T15:40:05","guid":{"rendered":"http:\/\/dev.newsroom.mypostcard.com\/?page_id=11881"},"modified":"2023-02-28T17:30:39","modified_gmt":"2023-02-28T15:30:39","slug":"oliver-kray","status":"publish","type":"page","link":"https:\/\/newsroom.mypostcard.com\/de\/oliver-kray\/","title":{"rendered":"Oliver Kray"},"content":{"rendered":"<div class=\"ts-row blocks cf wpb_row\"><div class=\"wpb_column vc_column_container vc_col-sm-12 col-12\"><div class=\"vc_column-inner\"><div class=\"wpb_wrapper\"><div class=\"wpb_revslider_element wpb_content_element\">\n\t\t\t<!-- START oliverkray REVOLUTION SLIDER 6.6.15 --><p class=\"rs-p-wp-fix\"><\/p>\n\t\t\t<rs-module-wrap id=\"rev_slider_5_1_wrapper\" data-source=\"gallery\" style=\"visibility:hidden;background:transparent;padding:0;margin:0px auto;margin-top:0;margin-bottom:0;max-width:1170px;\">\n\t\t\t\t<rs-module id=\"rev_slider_5_1\" style=\"\" data-version=\"6.6.15\">\n\t\t\t\t\t<rs-slides style=\"overflow: hidden; position: absolute;\">\n\t\t\t\t\t\t<rs-slide style=\"position: absolute;\" data-key=\"rs-61\" data-title=\"Slide\" data-anim=\"adpr:false;\">\n\t\t\t\t\t\t\t<img decoding=\"async\" src=\"\/\/newsroom.mypostcard.com\/wp-content\/plugins\/revslider\/public\/assets\/assets\/dummy.png\" alt=\"\" title=\"Oliver Kray\" class=\"rev-slidebg tp-rs-img rs-lazyload\" data-lazyload=\"\/\/newsroom.mypostcard.com\/wp-content\/uploads\/2023\/02\/Oliver_Kray-min-scaled.jpg\" data-no-retina>\n<!---->\t\t\t\t\t\t<\/rs-slide>\n\t\t\t\t\t<\/rs-slides>\n\t\t\t\t<\/rs-module>\n\t\t\t\t<script>\n\t\t\t\t\tsetREVStartSize({c: 'rev_slider_5_1',rl:[1280,992,768,320],el:[],gw:[1240],gh:[868],type:'hero',justify:'',layout:'fullwidth',mh:\"0\"});if (window.RS_MODULES!==undefined && window.RS_MODULES.modules!==undefined && window.RS_MODULES.modules[\"revslider51\"]!==undefined) {window.RS_MODULES.modules[\"revslider51\"].once = false;window.revapi5 = undefined;if (window.RS_MODULES.checkMinimal!==undefined) window.RS_MODULES.checkMinimal()}\n\t\t\t\t<\/script>\n\t\t\t<\/rs-module-wrap>\n\t\t\t<!-- END REVOLUTION SLIDER -->\n<\/div><\/div><\/div><\/div><\/div><div class=\"ts-row blocks cf wpb_row\"><div class=\"wpb_column vc_column_container vc_col-sm-2 col-2\"><div class=\"vc_column-inner\"><div class=\"wpb_wrapper\"><\/div><\/div><\/div><div class=\"wpb_column vc_column_container vc_col-sm-8 col-8\"><div class=\"vc_column-inner\"><div class=\"wpb_wrapper\">\n\t<div class=\"wpb_text_column wpb_content_element post-content\">\n\t\t<div class=\"wpb_wrapper\">\n\t\t\t<p>Der Serial Entrepreneur Oliver Kray (Jahrgang 1981) ist der Gr\u00fcnder und CEO von MyPostcard.\u00a0<\/p>\n<p><!-- \/wp:post-content --><\/p>\n<p><!-- wp:quote --><\/p>\n<blockquote class=\"wp-block-quote\">\n<p>Ich bin schon selbstst\u00e4ndig seitdem ich 18 Jahre alt bin, damals noch mit Graffiti-Auftr\u00e4gen und Fassadengestaltungen. Sp\u00e4ter dann als Produktdesigner, Lizenzgeber und 2007 mit einer Social Media Agentur.<\/p>\n<\/blockquote>\n<p><!-- \/wp:quote --><\/p>\n<p><!-- wp:paragraph --><\/p>\n<div class=\"page\" title=\"Page 12\">\n<div class=\"section\">\n<div class=\"layoutArea\">\n<div class=\"column\">\n<p>Seit u\u0308ber 20 Jahren arbeitet Oliver Kray als Ku\u0308nstler und Designer in verschiedenen Segmenten der Interieur-Branche\u00a0und wurde mit mehreren Fassadenpreisen, wie unter anderem den renommierten Deutschen Fassadenpreis, ausgezeichnet. Nach seinem Studium\u00a0in Modedesign am renommierten Lette-Verein in Berlin, gru\u0308ndete er seine erste Firma und brachte unter dem Label \u201eColors\u00a0of Berlin\u201c eine eigene Kindermoden-Kollektion auf den europa\u0308ischen Markt.\u00a0Anschlie\u00dfend war Oliver Kray als Produktdesigner fu\u0308r gro\u00dfe Marken wie LEONARDO Glas, Rasch Tapeten, Audi und Sixt ta\u0308tig. 2012 gestaltete er fu\u0308r die SB-Ba\u0308ckereikette MaitreBack aus Berlin\u00a0<span style=\"font-size: 15px; color: var(--text-color); letter-spacing: var(--text-tracking);\">mehrere Designer- Ba\u0308ckereien. Seine bunten Fassadenkunstwerke zieren deutschlandweit Ein- und Mehrfamilienha\u0308user, Hotels und Firmengeba\u0308ude. Ein sehr umfangreiches Projekt war der weltweit gro\u0308\u00dfte Mercedes-Stern, den er innerhalb von zwei Wochen auf das Dach der Mercedes-Benz-Arena in Berlin spru\u0308hte.<\/span><\/p>\n<p><span style=\"font-size: 15px; color: var(--text-color); letter-spacing: var(--text-tracking);\">Im Mai 2014 gr\u00fcndet Oliver Kray die Postkarten App MyPostcard und startet das Berliner Start-up zun\u00e4chst als One-Man-Show und pers\u00f6nliche Herausforderung. Mit seiner Erfahrung\u00a0<\/span><span style=\"font-size: 15px; color: var(--text-color); letter-spacing: var(--text-tracking);\">und seinem Fokus\u00a0<\/span><span style=\"font-size: 15px; color: var(--text-color); letter-spacing: var(--text-tracking);\">auf Innovation und Digitalisierung treibt Oliver Kray den weltweiten Ausbau und die Produkterweiterung von MyPostcard stetig voran.<\/span><\/p>\n<p><span style=\"font-size: 15px; color: var(--text-color); letter-spacing: var(--text-tracking);\">Oliver Kray lebt und arbeitet in Berlin und New York und ist auch heute noch neben MyPostcard als freiberuflicher Designer ta\u0308tig.<\/span><\/p>\n<\/div>\n<\/div>\n<\/div>\n<\/div>\n<p><img decoding=\"async\" class=\"size-large wp-image-12356 alignleft\" style=\"-webkit-font-smoothing: var(--base-aa); font-size: 18px; font-family: Lora, Georgia, serif; opacity: 0.84;\" src=\"http:\/\/dev.newsroom.mypostcard.com\/wp-content\/uploads\/2021\/03\/section_oliver.png\" alt width=\"360\" height=\"450\" loading=\"lazy\" \/><\/p>\n<p><!-- \/wp:paragraph --><\/p>\n<p><!-- wp:quote {\"align\":\"right\"} --><\/p>\n<blockquote class=\"wp-block-quote has-text-align-right blockquote-after-media\">\n<p style=\"text-align: left;\">Innerhalb der letzten 15 Jahre habe ich bereits mehrere Unternehmen gegr\u00fcndet, und meist aus dem gleichen Grund: ich wollte immer etwas besser oder anders machen, verbunden mit dem was ich gut kann. Bei MyPostcard war ich bereit meine Kreativit\u00e4t und Passion f\u00fcr Tech in ein neues Projekt zu stecken.<\/p>\n<\/blockquote>\n<p><!-- \/wp:quote --><\/p>\n<p><!-- wp:paragraph --><\/p>\n<p>&nbsp;<\/p>\n<p><!-- \/wp:paragraph --><\/p>\n\n\t\t<\/div>\n\t<\/div>\n<\/div><\/div><\/div><div class=\"wpb_column vc_column_container vc_col-sm-2 col-2\"><div class=\"vc_column-inner\"><div class=\"wpb_wrapper\"><\/div><\/div><\/div><\/div>","protected":false},"excerpt":{"rendered":"Der Serial Entrepreneur Oliver Kray (Jahrgang 1981) ist der Gr\u00fcnder und CEO von MyPostcard.\u00a0 Ich bin schon selbstst\u00e4ndig seitdem ich 18 Jahre alt bin, damals noch mit Graffiti-Auftr\u00e4gen und Fassadengestaltungen. Sp\u00e4ter dann als Produktdesigner, Lizenzgeber und 2007 mit einer Social Media Agentur. Seit u\u0308ber 20 Jahren arbeitet Oliver Kray als Ku\u0308nstler und Designer in verschiedenen","protected":false},"author":1,"featured_media":0,"parent":0,"menu_order":0,"comment_status":"closed","ping_status":"closed","template":"page-blocks.php","meta":{"inline_featured_image":false,"_monsterinsights_skip_tracking":false,"_monsterinsights_sitenote_active":false,"_monsterinsights_sitenote_note":"","_monsterinsights_sitenote_category":0,"footnotes":""},"class_list":["post-11881","page","type-page","status-publish"],"yoast_head":"<!-- This site is optimized with the Yoast SEO plugin v27.3 - https:\/\/yoast.com\/product\/yoast-seo-wordpress\/ -->\n<title>Oliver Kray - MyPostcard Newsroom<\/title>\n<meta name=\"robots\" content=\"index, follow, max-snippet:-1, max-image-preview:large, max-video-preview:-1\" \/>\n<link rel=\"canonical\" href=\"https:\/\/newsroom.mypostcard.com\/de\/oliver-kray\/\" \/>\n<meta property=\"og:locale\" content=\"de_DE\" \/>\n<meta property=\"og:type\" content=\"article\" \/>\n<meta property=\"og:title\" content=\"Oliver Kray - MyPostcard Newsroom\" \/>\n<meta property=\"og:url\" content=\"https:\/\/newsroom.mypostcard.com\/de\/oliver-kray\/\" \/>\n<meta property=\"og:site_name\" content=\"MyPostcard Newsroom\" \/>\n<meta property=\"article:modified_time\" content=\"2023-02-28T15:30:39+00:00\" \/>\n<meta property=\"og:image\" content=\"http:\/\/dev.newsroom.mypostcard.com\/wp-content\/uploads\/2021\/03\/section_oliver.png\" \/>\n<meta name=\"twitter:card\" content=\"summary_large_image\" \/>\n<meta name=\"twitter:label1\" content=\"Gesch\u00e4tzte Lesezeit\" \/>\n\t<meta name=\"twitter:data1\" content=\"2\u00a0Minuten\" \/>\n<script type=\"application\/ld+json\" class=\"yoast-schema-graph\">{\"@context\":\"https:\\\/\\\/schema.org\",\"@graph\":[{\"@type\":\"WebPage\",\"@id\":\"https:\\\/\\\/newsroom.mypostcard.com\\\/de\\\/oliver-kray\\\/\",\"url\":\"https:\\\/\\\/newsroom.mypostcard.com\\\/de\\\/oliver-kray\\\/\",\"name\":\"Oliver Kray - MyPostcard Newsroom\",\"isPartOf\":{\"@id\":\"https:\\\/\\\/newsroom.mypostcard.com\\\/de\\\/#website\"},\"primaryImageOfPage\":{\"@id\":\"https:\\\/\\\/newsroom.mypostcard.com\\\/de\\\/oliver-kray\\\/#primaryimage\"},\"image\":{\"@id\":\"https:\\\/\\\/newsroom.mypostcard.com\\\/de\\\/oliver-kray\\\/#primaryimage\"},\"thumbnailUrl\":\"http:\\\/\\\/dev.newsroom.mypostcard.com\\\/wp-content\\\/uploads\\\/2021\\\/03\\\/section_oliver.png\",\"datePublished\":\"2021-02-03T15:40:05+00:00\",\"dateModified\":\"2023-02-28T15:30:39+00:00\",\"inLanguage\":\"de\",\"potentialAction\":[{\"@type\":\"ReadAction\",\"target\":[\"https:\\\/\\\/newsroom.mypostcard.com\\\/de\\\/oliver-kray\\\/\"]}]},{\"@type\":\"ImageObject\",\"inLanguage\":\"de\",\"@id\":\"https:\\\/\\\/newsroom.mypostcard.com\\\/de\\\/oliver-kray\\\/#primaryimage\",\"url\":\"http:\\\/\\\/dev.newsroom.mypostcard.com\\\/wp-content\\\/uploads\\\/2021\\\/03\\\/section_oliver.png\",\"contentUrl\":\"http:\\\/\\\/dev.newsroom.mypostcard.com\\\/wp-content\\\/uploads\\\/2021\\\/03\\\/section_oliver.png\"},{\"@type\":\"WebSite\",\"@id\":\"https:\\\/\\\/newsroom.mypostcard.com\\\/de\\\/#website\",\"url\":\"https:\\\/\\\/newsroom.mypostcard.com\\\/de\\\/\",\"name\":\"MyPostcard Newsroom\",\"description\":\"What&#039;s new at MyPostcard\",\"potentialAction\":[{\"@type\":\"SearchAction\",\"target\":{\"@type\":\"EntryPoint\",\"urlTemplate\":\"https:\\\/\\\/newsroom.mypostcard.com\\\/de\\\/?s={search_term_string}\"},\"query-input\":{\"@type\":\"PropertyValueSpecification\",\"valueRequired\":true,\"valueName\":\"search_term_string\"}}],\"inLanguage\":\"de\"}]}<\/script>\n<!-- \/ Yoast SEO plugin. -->","yoast_head_json":{"title":"Oliver Kray - MyPostcard Newsroom","robots":{"index":"index","follow":"follow","max-snippet":"max-snippet:-1","max-image-preview":"max-image-preview:large","max-video-preview":"max-video-preview:-1"},"canonical":"https:\/\/newsroom.mypostcard.com\/de\/oliver-kray\/","og_locale":"de_DE","og_type":"article","og_title":"Oliver Kray - MyPostcard Newsroom","og_url":"https:\/\/newsroom.mypostcard.com\/de\/oliver-kray\/","og_site_name":"MyPostcard Newsroom","article_modified_time":"2023-02-28T15:30:39+00:00","og_image":[{"url":"http:\/\/dev.newsroom.mypostcard.com\/wp-content\/uploads\/2021\/03\/section_oliver.png","type":"","width":"","height":""}],"twitter_card":"summary_large_image","twitter_misc":{"Gesch\u00e4tzte Lesezeit":"2\u00a0Minuten"},"schema":{"@context":"https:\/\/schema.org","@graph":[{"@type":"WebPage","@id":"https:\/\/newsroom.mypostcard.com\/de\/oliver-kray\/","url":"https:\/\/newsroom.mypostcard.com\/de\/oliver-kray\/","name":"Oliver Kray - MyPostcard Newsroom","isPartOf":{"@id":"https:\/\/newsroom.mypostcard.com\/de\/#website"},"primaryImageOfPage":{"@id":"https:\/\/newsroom.mypostcard.com\/de\/oliver-kray\/#primaryimage"},"image":{"@id":"https:\/\/newsroom.mypostcard.com\/de\/oliver-kray\/#primaryimage"},"thumbnailUrl":"http:\/\/dev.newsroom.mypostcard.com\/wp-content\/uploads\/2021\/03\/section_oliver.png","datePublished":"2021-02-03T15:40:05+00:00","dateModified":"2023-02-28T15:30:39+00:00","inLanguage":"de","potentialAction":[{"@type":"ReadAction","target":["https:\/\/newsroom.mypostcard.com\/de\/oliver-kray\/"]}]},{"@type":"ImageObject","inLanguage":"de","@id":"https:\/\/newsroom.mypostcard.com\/de\/oliver-kray\/#primaryimage","url":"http:\/\/dev.newsroom.mypostcard.com\/wp-content\/uploads\/2021\/03\/section_oliver.png","contentUrl":"http:\/\/dev.newsroom.mypostcard.com\/wp-content\/uploads\/2021\/03\/section_oliver.png"},{"@type":"WebSite","@id":"https:\/\/newsroom.mypostcard.com\/de\/#website","url":"https:\/\/newsroom.mypostcard.com\/de\/","name":"MyPostcard Newsroom","description":"What&#039;s new at MyPostcard","potentialAction":[{"@type":"SearchAction","target":{"@type":"EntryPoint","urlTemplate":"https:\/\/newsroom.mypostcard.com\/de\/?s={search_term_string}"},"query-input":{"@type":"PropertyValueSpecification","valueRequired":true,"valueName":"search_term_string"}}],"inLanguage":"de"}]}},"post_mailing_queue_ids":[],"_links":{"self":[{"href":"https:\/\/newsroom.mypostcard.com\/de\/wp-json\/wp\/v2\/pages\/11881","targetHints":{"allow":["GET"]}}],"collection":[{"href":"https:\/\/newsroom.mypostcard.com\/de\/wp-json\/wp\/v2\/pages"}],"about":[{"href":"https:\/\/newsroom.mypostcard.com\/de\/wp-json\/wp\/v2\/types\/page"}],"author":[{"embeddable":true,"href":"https:\/\/newsroom.mypostcard.com\/de\/wp-json\/wp\/v2\/users\/1"}],"replies":[{"embeddable":true,"href":"https:\/\/newsroom.mypostcard.com\/de\/wp-json\/wp\/v2\/comments?post=11881"}],"version-history":[{"count":3,"href":"https:\/\/newsroom.mypostcard.com\/de\/wp-json\/wp\/v2\/pages\/11881\/revisions"}],"predecessor-version":[{"id":13901,"href":"https:\/\/newsroom.mypostcard.com\/de\/wp-json\/wp\/v2\/pages\/11881\/revisions\/13901"}],"wp:attachment":[{"href":"https:\/\/newsroom.mypostcard.com\/de\/wp-json\/wp\/v2\/media?parent=11881"}],"curies":[{"name":"wp","href":"https:\/\/api.w.org\/{rel}","templated":true}]}}